{"id":2597,"date":"2023-11-14T09:26:54","date_gmt":"2023-11-14T09:26:54","guid":{"rendered":"https:\/\/eyse-empaques.com\/?page_id=2597"},"modified":"2024-02-02T00:09:02","modified_gmt":"2024-02-02T00:09:02","slug":"nosotros","status":"publish","type":"page","link":"https:\/\/eyse-empaques.com\/?page_id=2597","title":{"rendered":"Nosotros"},"content":{"rendered":"\n<p>SOMOS UNA EMPRESA 100% MEXICANA CON M\u00c1S DE 25 A\u00d1OS DE EXPERIENCIA EN EL MERCADO DE LA DISTRIBUCI\u00d3N DE MATERIAL DE EMPAQUE Y EMBALAJE.<\/p>\n\n\n\n<hr class=\"wp-block-separator has-alpha-channel-opacity\"\/>\n\n\n\n<div style=\"height:36px\" aria-hidden=\"true\" class=\"wp-block-spacer\"><\/div>\n\n\n\n<h4 class=\"wp-block-heading\">Desde 1996<\/h4>\n\n\n\n<p>Distribuimos e importamos todo lo necesario para el empaque y embalaje en la ciudad de M\u00e9xico y a nivel nacional.<\/p>\n\n\n\n<div class=\"wp-block-columns has-gray-background-color has-background is-layout-flex wp-container-core-columns-is-layout-28f84493 wp-block-columns-is-layout-flex\">\n<div class=\"wp-block-column is-layout-flow wp-block-column-is-layout-flow\">\n<h4 class=\"wp-block-heading\">Somos expertos<\/h4>\n\n\n\n<p>Contamos con un equipo de trabajo altamente calificado.<\/p>\n<\/div>\n\n\n\n<div class=\"wp-block-column is-layout-flow wp-block-column-is-layout-flow\">\n<h4 class=\"wp-block-heading\">Importaciones<\/h4>\n\n\n\n<p>Manejamos marcas de importaci\u00f3n de distintos fabricantes internacionales.<\/p>\n<\/div>\n<\/div>\n\n\n\n<blockquote class=\"wp-block-quote is-style-large is-style-default is-layout-flow wp-block-quote-is-layout-flow\" id=\"output\" style=\"font-size:0.8rem\">\n<p>Siendo reconocida como una empresa importante a nivel nacional, ofreciendo materiales como fleje de acero, fleje de poli\u00e9ster, fleje de pl\u00e1stico manual o uso m\u00e1quina, herramientas, entre otros. Contamos con productos para optimizar su empaque como cintas adhesivas, con o sin impresi\u00f3n, pel\u00edcula estirable en sus diferentes medidas, polifoam o bajo alfombra, burbuja de aire sellado. Para nosotros siempre es importante dar el servicio y la calidad que necesitan nuestros clientes, para cubrir sus necesidades a la hora de empacar sus productos.<\/p>\n<\/blockquote>\n\n\n\n<hr class=\"wp-block-separator has-alpha-channel-opacity\"\/>\n\n\n\n<div style=\"height:36px\" aria-hidden=\"true\" class=\"wp-block-spacer\"><\/div>\n\n\n\n<h2 class=\"wp-block-heading has-text-align-center\">Nuestro compromiso<\/h2>\n\n\n\n<p>Nuestro compromiso es ofrecer productos eficaces y seguros en el \u00e1rea de empaque y embalaje que cumplan con los mas altos est\u00e1ndares de calidad y servicio en base a las necesidades del cliente.<\/p>\n\n\n\n<hr class=\"wp-block-separator has-alpha-channel-opacity\"\/>\n\n\n\n<div style=\"height:36px\" aria-hidden=\"true\" class=\"wp-block-spacer\"><\/div>\n\n\n\n<h2 class=\"wp-block-heading has-text-align-center\">Misi\u00f3n<\/h2>\n\n\n\n<p>Mantenernos a la vanguardia en los mas altos est\u00e1ndares de calidad de productos de empaque y embalaje y servicio de entrega a nivel nacional, para satisfacer la necesidades de los clientes.<\/p>\n\n\n\n<hr class=\"wp-block-separator has-alpha-channel-opacity\"\/>\n\n\n\n<div style=\"height:36px\" aria-hidden=\"true\" class=\"wp-block-spacer\"><\/div>\n\n\n\n<h2 class=\"wp-block-heading has-text-align-center\">Valores<\/h2>\n\n\n\n<p>Honestidad, Responsabilidad, Seguridad y Compromiso.<\/p>\n\n\n\n<div style=\"height:36px\" aria-hidden=\"true\" class=\"wp-block-spacer\"><\/div>\n","protected":false},"excerpt":{"rendered":"<p>SOMOS UNA EMPRESA 100% MEXICANA CON M\u00c1S DE 25 A\u00d1OS DE EXPERIENCIA EN EL MERCADO DE LA DISTRIBUCI\u00d3N DE MATERIAL DE EMPAQUE Y EMBALAJE. Desde 1996 Distribuimos e importamos todo lo necesario para el empaque y embalaje en la ciudad de M\u00e9xico y a nivel nacional. Somos expertos Contamos con un equipo de trabajo altamente [&hellip;]<\/p>\n","protected":false},"author":1,"featured_media":0,"parent":0,"menu_order":0,"comment_status":"closed","ping_status":"closed","template":"","meta":{"_background_id":0,"_xo_background":[],"footnotes":""},"class_list":["post-2597","page","type-page","status-publish","hentry"],"jetpack_sharing_enabled":true,"_links":{"self":[{"href":"https:\/\/eyse-empaques.com\/index.php?rest_route=\/wp\/v2\/pages\/2597","targetHints":{"allow":["GET"]}}],"collection":[{"href":"https:\/\/eyse-empaques.com\/index.php?rest_route=\/wp\/v2\/pages"}],"about":[{"href":"https:\/\/eyse-empaques.com\/index.php?rest_route=\/wp\/v2\/types\/page"}],"author":[{"embeddable":true,"href":"https:\/\/eyse-empaques.com\/index.php?rest_route=\/wp\/v2\/users\/1"}],"replies":[{"embeddable":true,"href":"https:\/\/eyse-empaques.com\/index.php?rest_route=%2Fwp%2Fv2%2Fcomments&post=2597"}],"version-history":[{"count":9,"href":"https:\/\/eyse-empaques.com\/index.php?rest_route=\/wp\/v2\/pages\/2597\/revisions"}],"predecessor-version":[{"id":2779,"href":"https:\/\/eyse-empaques.com\/index.php?rest_route=\/wp\/v2\/pages\/2597\/revisions\/2779"}],"wp:attachment":[{"href":"https:\/\/eyse-empaques.com\/index.php?rest_route=%2Fwp%2Fv2%2Fmedia&parent=2597"}],"curies":[{"name":"wp","href":"https:\/\/api.w.org\/{rel}","templated":true}]}}